{"id":788,"date":"2022-11-17T14:57:33","date_gmt":"2022-11-17T17:57:33","guid":{"rendered":"https:\/\/simasmesquita.com.br\/?page_id=788"},"modified":"2022-11-17T14:57:34","modified_gmt":"2022-11-17T17:57:34","slug":"cancelar-inscricao","status":"publish","type":"page","link":"https:\/\/simasmesquita.com.br\/index.php\/cancelar-inscricao\/","title":{"rendered":"Cancelar Inscri\u00e7\u00e3o"},"content":{"rendered":"","protected":false},"excerpt":{"rendered":"","protected":false},"author":1,"featured_media":0,"parent":0,"menu_order":0,"comment_status":"closed","ping_status":"closed","template":"","meta":[],"acf":[],"aioseo_notices":[],"aioseo_head":"\n\t\t<!-- All in One SEO Pro 4.4.3 - aioseo.com -->\n\t\t<meta name=\"robots\" content=\"max-image-preview:large\" \/>\n\t\t<link rel=\"canonical\" href=\"https:\/\/simasmesquita.com.br\/index.php\/cancelar-inscricao\/\" \/>\n\t\t<meta name=\"generator\" content=\"All in One SEO Pro (AIOSEO) 4.4.3\" \/>\n\t\t<meta property=\"og:locale\" content=\"pt_BR\" \/>\n\t\t<meta property=\"og:site_name\" content=\"simasmesquita.com.br - Advogado, Te\u00f3logo e Portado de Doen\u00e7a Rara. Junte-se \u00e0 mim nessa jornada \u00fanica de conhecimento, f\u00e9 e esperan\u00e7a.\" \/>\n\t\t<meta property=\"og:type\" content=\"article\" \/>\n\t\t<meta property=\"og:title\" content=\"Cancelar Inscri\u00e7\u00e3o - simasmesquita.com.br\" \/>\n\t\t<meta property=\"og:url\" content=\"https:\/\/simasmesquita.com.br\/index.php\/cancelar-inscricao\/\" \/>\n\t\t<meta property=\"article:published_time\" content=\"2022-11-17T17:57:33+00:00\" \/>\n\t\t<meta property=\"article:modified_time\" content=\"2022-11-17T17:57:34+00:00\" \/>\n\t\t<meta property=\"article:publisher\" content=\"https:\/\/www.facebook.com\/eusou.simasmesquita\/\" \/>\n\t\t<meta name=\"twitter:card\" content=\"summary_large_image\" \/>\n\t\t<meta name=\"twitter:site\" content=\"@_SimasMesquita\" \/>\n\t\t<meta name=\"twitter:title\" content=\"Cancelar Inscri\u00e7\u00e3o - simasmesquita.com.br\" \/>\n\t\t<meta name=\"twitter:creator\" content=\"@_SimasMesquita\" \/>\n\t\t<script type=\"application\/ld+json\" class=\"aioseo-schema\">\n\t\t\t{\"@context\":\"https:\\\/\\\/schema.org\",\"@graph\":[{\"@type\":\"BreadcrumbList\",\"@id\":\"https:\\\/\\\/simasmesquita.com.br\\\/index.php\\\/cancelar-inscricao\\\/#breadcrumblist\",\"itemListElement\":[{\"@type\":\"ListItem\",\"@id\":\"https:\\\/\\\/simasmesquita.com.br\\\/#listItem\",\"position\":1,\"item\":{\"@type\":\"WebPage\",\"@id\":\"https:\\\/\\\/simasmesquita.com.br\\\/\",\"name\":\"Home\",\"description\":\"Simas Mesquita - maio 15, 2026\",\"url\":\"https:\\\/\\\/simasmesquita.com.br\\\/\"},\"nextItem\":\"https:\\\/\\\/simasmesquita.com.br\\\/index.php\\\/cancelar-inscricao\\\/#listItem\"},{\"@type\":\"ListItem\",\"@id\":\"https:\\\/\\\/simasmesquita.com.br\\\/index.php\\\/cancelar-inscricao\\\/#listItem\",\"position\":2,\"item\":{\"@type\":\"WebPage\",\"@id\":\"https:\\\/\\\/simasmesquita.com.br\\\/index.php\\\/cancelar-inscricao\\\/\",\"name\":\"Cancelar Inscri\\u00e7\\u00e3o\",\"url\":\"https:\\\/\\\/simasmesquita.com.br\\\/index.php\\\/cancelar-inscricao\\\/\"},\"previousItem\":\"https:\\\/\\\/simasmesquita.com.br\\\/#listItem\"}]},{\"@type\":\"Organization\",\"@id\":\"https:\\\/\\\/simasmesquita.com.br\\\/#organization\",\"name\":\"Simas Mesquita\",\"url\":\"https:\\\/\\\/simasmesquita.com.br\\\/\",\"logo\":{\"@type\":\"ImageObject\",\"url\":\"https:\\\/\\\/simasmesquita.com.br\\\/wp-content\\\/uploads\\\/2022\\\/11\\\/icon-512x512-1.png\",\"@id\":\"https:\\\/\\\/simasmesquita.com.br\\\/#organizationLogo\",\"width\":512,\"height\":512},\"image\":{\"@id\":\"https:\\\/\\\/simasmesquita.com.br\\\/#organizationLogo\"},\"sameAs\":[\"https:\\\/\\\/www.facebook.com\\\/eusou.simasmesquita\\\/\",\"https:\\\/\\\/twitter.com\\\/_SimasMesquita\\\/\",\"https:\\\/\\\/www.instagram.com\\\/_SimasMesquita\\\/\",\"https:\\\/\\\/www.youtube.com\\\/simasmesquita\\\/\",\"https:\\\/\\\/www.linkedin.com\\\/in\\\/simas-mesquita\\\/\"],\"contactPoint\":{\"@type\":\"ContactPoint\",\"telephone\":\"+5521970087071\",\"contactType\":\"Pessoal\"}},{\"@type\":\"WebPage\",\"@id\":\"https:\\\/\\\/simasmesquita.com.br\\\/index.php\\\/cancelar-inscricao\\\/#webpage\",\"url\":\"https:\\\/\\\/simasmesquita.com.br\\\/index.php\\\/cancelar-inscricao\\\/\",\"name\":\"Cancelar Inscri\\u00e7\\u00e3o - simasmesquita.com.br\",\"inLanguage\":\"pt-BR\",\"isPartOf\":{\"@id\":\"https:\\\/\\\/simasmesquita.com.br\\\/#website\"},\"breadcrumb\":{\"@id\":\"https:\\\/\\\/simasmesquita.com.br\\\/index.php\\\/cancelar-inscricao\\\/#breadcrumblist\"},\"datePublished\":\"2022-11-17T17:57:33-03:00\",\"dateModified\":\"2022-11-17T17:57:34-03:00\"},{\"@type\":\"WebSite\",\"@id\":\"https:\\\/\\\/simasmesquita.com.br\\\/#website\",\"url\":\"https:\\\/\\\/simasmesquita.com.br\\\/\",\"name\":\"simasmesquita.com.br\",\"description\":\"Advogado, Te\\u00f3logo e Portado de Doen\\u00e7a Rara. Junte-se \\u00e0 mim nessa jornada \\u00fanica de conhecimento, f\\u00e9 e esperan\\u00e7a.\",\"inLanguage\":\"pt-BR\",\"publisher\":{\"@id\":\"https:\\\/\\\/simasmesquita.com.br\\\/#organization\"}}]}\n\t\t<\/script>\n\t\t<!-- All in One SEO Pro -->\r\n\t\t<title>Cancelar Inscri\u00e7\u00e3o - simasmesquita.com.br<\/title>\n\n","aioseo_head_json":{"title":"Cancelar Inscri\u00e7\u00e3o - simasmesquita.com.br","description":"","canonical_url":"https:\/\/simasmesquita.com.br\/index.php\/cancelar-inscricao\/","robots":"max-image-preview:large","keywords":"","webmasterTools":{"miscellaneous":""},"og:locale":"pt_BR","og:site_name":"simasmesquita.com.br - Advogado, Te\u00f3logo e Portado de Doen\u00e7a Rara. Junte-se \u00e0 mim nessa jornada \u00fanica de conhecimento, f\u00e9 e esperan\u00e7a.","og:type":"article","og:title":"Cancelar Inscri\u00e7\u00e3o - simasmesquita.com.br","og:url":"https:\/\/simasmesquita.com.br\/index.php\/cancelar-inscricao\/","article:published_time":"2022-11-17T17:57:33+00:00","article:modified_time":"2022-11-17T17:57:34+00:00","article:publisher":"https:\/\/www.facebook.com\/eusou.simasmesquita\/","twitter:card":"summary_large_image","twitter:site":"@_SimasMesquita","twitter:title":"Cancelar Inscri\u00e7\u00e3o - simasmesquita.com.br","twitter:creator":"@_SimasMesquita","schema":{"@context":"https:\/\/schema.org","@graph":[{"@type":"BreadcrumbList","@id":"https:\/\/simasmesquita.com.br\/index.php\/cancelar-inscricao\/#breadcrumblist","itemListElement":[{"@type":"ListItem","@id":"https:\/\/simasmesquita.com.br\/#listItem","position":1,"item":{"@type":"WebPage","@id":"https:\/\/simasmesquita.com.br\/","name":"Home","description":"Simas Mesquita - maio 15, 2026","url":"https:\/\/simasmesquita.com.br\/"},"nextItem":"https:\/\/simasmesquita.com.br\/index.php\/cancelar-inscricao\/#listItem"},{"@type":"ListItem","@id":"https:\/\/simasmesquita.com.br\/index.php\/cancelar-inscricao\/#listItem","position":2,"item":{"@type":"WebPage","@id":"https:\/\/simasmesquita.com.br\/index.php\/cancelar-inscricao\/","name":"Cancelar Inscri\u00e7\u00e3o","url":"https:\/\/simasmesquita.com.br\/index.php\/cancelar-inscricao\/"},"previousItem":"https:\/\/simasmesquita.com.br\/#listItem"}]},{"@type":"Organization","@id":"https:\/\/simasmesquita.com.br\/#organization","name":"Simas Mesquita","url":"https:\/\/simasmesquita.com.br\/","logo":{"@type":"ImageObject","url":"https:\/\/simasmesquita.com.br\/wp-content\/uploads\/2022\/11\/icon-512x512-1.png","@id":"https:\/\/simasmesquita.com.br\/#organizationLogo","width":512,"height":512},"image":{"@id":"https:\/\/simasmesquita.com.br\/#organizationLogo"},"sameAs":["https:\/\/www.facebook.com\/eusou.simasmesquita\/","https:\/\/twitter.com\/_SimasMesquita\/","https:\/\/www.instagram.com\/_SimasMesquita\/","https:\/\/www.youtube.com\/simasmesquita\/","https:\/\/www.linkedin.com\/in\/simas-mesquita\/"],"contactPoint":{"@type":"ContactPoint","telephone":"+5521970087071","contactType":"Pessoal"}},{"@type":"WebPage","@id":"https:\/\/simasmesquita.com.br\/index.php\/cancelar-inscricao\/#webpage","url":"https:\/\/simasmesquita.com.br\/index.php\/cancelar-inscricao\/","name":"Cancelar Inscri\u00e7\u00e3o - simasmesquita.com.br","inLanguage":"pt-BR","isPartOf":{"@id":"https:\/\/simasmesquita.com.br\/#website"},"breadcrumb":{"@id":"https:\/\/simasmesquita.com.br\/index.php\/cancelar-inscricao\/#breadcrumblist"},"datePublished":"2022-11-17T17:57:33-03:00","dateModified":"2022-11-17T17:57:34-03:00"},{"@type":"WebSite","@id":"https:\/\/simasmesquita.com.br\/#website","url":"https:\/\/simasmesquita.com.br\/","name":"simasmesquita.com.br","description":"Advogado, Te\u00f3logo e Portado de Doen\u00e7a Rara. Junte-se \u00e0 mim nessa jornada \u00fanica de conhecimento, f\u00e9 e esperan\u00e7a.","inLanguage":"pt-BR","publisher":{"@id":"https:\/\/simasmesquita.com.br\/#organization"}}]}},"aioseo_meta_data":{"post_id":"788","title":null,"description":null,"keywords":"[]","keyphrases":"{\"focus\":{\"keyphrase\":\"\",\"score\":0,\"analysis\":{\"keyphraseInTitle\":{\"score\":0,\"maxScore\":9,\"error\":1}}},\"additional\":[]}","primary_term":null,"canonical_url":null,"og_title":null,"og_description":null,"og_object_type":"default","og_image_type":"default","og_image_url":null,"og_image_width":null,"og_image_height":null,"og_image_custom_url":null,"og_image_custom_fields":null,"og_video":"","og_custom_url":null,"og_article_section":null,"og_article_tags":"[]","twitter_use_og":false,"twitter_card":"default","twitter_image_type":"default","twitter_image_url":null,"twitter_image_custom_url":null,"twitter_image_custom_fields":null,"twitter_title":null,"twitter_description":null,"schema":{"blockGraphs":[],"customGraphs":[],"default":{"data":{"Article":[],"Course":[],"Dataset":[],"FAQPage":[],"Movie":[],"Person":[],"Product":[],"Recipe":[],"Service":[],"SoftwareApplication":[],"WebPage":[]},"graphName":"WebPage","isEnabled":true},"graphs":[]},"schema_type":"default","schema_type_options":null,"pillar_content":false,"robots_default":true,"robots_noindex":false,"robots_noarchive":false,"robots_nosnippet":false,"robots_nofollow":false,"robots_noimageindex":false,"robots_noodp":false,"robots_notranslate":false,"robots_max_snippet":"-1","robots_max_videopreview":"-1","robots_max_imagepreview":"large","priority":null,"frequency":"default","local_seo":null,"limit_modified_date":false,"created":"2022-11-17 17:57:33","updated":"2022-11-17 18:02:28"},"_links":{"self":[{"href":"https:\/\/simasmesquita.com.br\/index.php\/wp-json\/wp\/v2\/pages\/788"}],"collection":[{"href":"https:\/\/simasmesquita.com.br\/index.php\/wp-json\/wp\/v2\/pages"}],"about":[{"href":"https:\/\/simasmesquita.com.br\/index.php\/wp-json\/wp\/v2\/types\/page"}],"author":[{"embeddable":true,"href":"https:\/\/simasmesquita.com.br\/index.php\/wp-json\/wp\/v2\/users\/1"}],"replies":[{"embeddable":true,"href":"https:\/\/simasmesquita.com.br\/index.php\/wp-json\/wp\/v2\/comments?post=788"}],"version-history":[{"count":1,"href":"https:\/\/simasmesquita.com.br\/index.php\/wp-json\/wp\/v2\/pages\/788\/revisions"}],"predecessor-version":[{"id":789,"href":"https:\/\/simasmesquita.com.br\/index.php\/wp-json\/wp\/v2\/pages\/788\/revisions\/789"}],"wp:attachment":[{"href":"https:\/\/simasmesquita.com.br\/index.php\/wp-json\/wp\/v2\/media?parent=788"}],"curies":[{"name":"wp","href":"https:\/\/api.w.org\/{rel}","templated":true}]}}