{"id":3,"date":"2022-11-02T20:47:59","date_gmt":"2022-11-02T23:47:59","guid":{"rendered":"http:\/\/simasmesquita.com.br\/?page_id=3"},"modified":"2022-11-17T13:36:51","modified_gmt":"2022-11-17T16:36:51","slug":"privacy-policy","status":"publish","type":"page","link":"https:\/\/simasmesquita.com.br\/index.php\/privacy-policy\/","title":{"rendered":"Pol\u00edtica de Privacidade"},"content":{"rendered":"\t\t<div data-elementor-type=\"wp-page\" data-elementor-id=\"3\" class=\"elementor elementor-3\">\n\t\t\t\t\t\t\t\t\t<section class=\"elementor-section elementor-top-section elementor-element elementor-element-4f86c435 elementor-section-boxed elementor-section-height-default elementor-section-height-default\" data-id=\"4f86c435\" data-element_type=\"section\">\n\t\t\t\t\t\t<div class=\"elementor-container elementor-column-gap-default\">\n\t\t\t\t\t<div class=\"elementor-column elementor-col-100 elementor-top-column elementor-element elementor-element-157325d7\" data-id=\"157325d7\" data-element_type=\"column\">\n\t\t\t<div class=\"elementor-widget-wrap elementor-element-populated\">\n\t\t\t\t\t\t\t\t<div class=\"elementor-element elementor-element-5804dce6 elementor-widget elementor-widget-text-editor\" data-id=\"5804dce6\" data-element_type=\"widget\" data-widget_type=\"text-editor.default\">\n\t\t\t\t<div class=\"elementor-widget-container\">\n\t\t\t<style>\/*! elementor - v3.15.0 - 02-08-2023 *\/\n.elementor-widget-text-editor.elementor-drop-cap-view-stacked .elementor-drop-cap{background-color:#69727d;color:#fff}.elementor-widget-text-editor.elementor-drop-cap-view-framed .elementor-drop-cap{color:#69727d;border:3px solid;background-color:transparent}.elementor-widget-text-editor:not(.elementor-drop-cap-view-default) .elementor-drop-cap{margin-top:8px}.elementor-widget-text-editor:not(.elementor-drop-cap-view-default) .elementor-drop-cap-letter{width:1em;height:1em}.elementor-widget-text-editor .elementor-drop-cap{float:left;text-align:center;line-height:1;font-size:50px}.elementor-widget-text-editor .elementor-drop-cap-letter{display:inline-block}<\/style>\t\t\t\t<p><!-- wp:heading --><\/p>\n<h2>Conte\u00fado e Prop\u00f3sito.<\/h2>\n<p><!-- \/wp:heading --><\/p>\n<p><!-- wp:paragraph --><\/p>\n<p>Este site (simasmesquita.com.br) tem como prop\u00f3sito divulgar informa\u00e7\u00f5es pessoais e profissionais sobre seu detentor bem como fomentar o contato deste com pessoas e institui\u00e7\u00f5es, com interesse comercial ou n\u00e3o.<\/p>\n<p><!-- \/wp:paragraph --><\/p>\n<p><!-- wp:heading --><\/p>\n<h2>Cookies.<\/h2>\n<p><!-- \/wp:heading --><\/p>\n<p><!-- wp:paragraph --><\/p>\n<p>Ao acessar minhas p\u00e1ginas nesse site, para melhoria de sua compatibilidade com navegadores e para aferir quais mecanismos de busca s\u00e3o usados por voc\u00ea, poderei usar rastreadores. Isso acontece tamb\u00e9m enquanto voc\u00ea est\u00e1 navegando por seu conte\u00fado. Outro uso se aplica aos coment\u00e1rios. Se voc\u00ea deixar um coment\u00e1rio em nosso site, voc\u00ea pode optar por salvar seu nome, endere\u00e7o de e-mail e site em cookies. Isso acontece para sua conveni\u00eancia, para que voc\u00ea n\u00e3o precise preencher seus dados novamente quando deixar outro coment\u00e1rio. Esses cookies duram um ano.<\/p>\n<p><!-- \/wp:paragraph --><\/p>\n<p><!-- wp:paragraph --><\/p>\n<p>Se voc\u00ea visitar minha p\u00e1gina de login, em minha loja, ser\u00e1 definido um cookie tempor\u00e1rio para determinar se seu navegador aceita cookies. Este cookie n\u00e3o cont\u00e9m dados pessoais e \u00e9 descartado quando voc\u00ea fecha o navegador. Quando voc\u00ea fizer login, tamb\u00e9m ser\u00e3o configurados v\u00e1rios cookies para salvar suas informa\u00e7\u00f5es de aceso e suas op\u00e7\u00f5es de exibi\u00e7\u00e3o na tela. Os cookies de login duram dois dias e os cookies de op\u00e7\u00f5es de tela duram um ano. Se voc\u00ea selecionar &#8220;Lembrar-me&#8221;, seu login persistir\u00e1 por duas semanas. Se voc\u00ea sair da sua conta, os cookies de login ser\u00e3o removidos. Se voc\u00ea editar ou publicar um artigo, um cookie adicional ser\u00e1 salvo em seu navegador. Este cookie n\u00e3o inclui dados pessoais e simplesmente indica o ID da postagem do artigo que voc\u00ea acabou de editar. Ele expira ap\u00f3s 1 dia. Se voc\u00ea solicitar uma redefini\u00e7\u00e3o de senha, seu endere\u00e7o IP ser\u00e1 inclu\u00eddo no e-mail de redefini\u00e7\u00e3o.<\/p>\n<p><!-- \/wp:paragraph --><\/p>\n<p><!-- wp:heading --><\/p>\n<h2>Coment\u00e1rios.<\/h2>\n<p><!-- \/wp:heading --><\/p>\n<p><!-- wp:paragraph --><\/p>\n<p>Quando os visitantes deixam coment\u00e1rios no site, s\u00e3o coletados os dados mostrados no formul\u00e1rio de coment\u00e1rios, o endere\u00e7o IP do visitante e a string do navegador do usu\u00e1rio para ajudar na detec\u00e7\u00e3o de spam. Uma string an\u00f4nima criada a partir do seu endere\u00e7o de e-mail (tamb\u00e9m chamado de hash) pode ser fornecida ao servi\u00e7o Gravatar para verificar se voc\u00ea o est\u00e1 usando. A pol\u00edtica de privacidade do servi\u00e7o Gravatar est\u00e1 dispon\u00edvel aqui: https:\/\/automattic.com\/privacy\/. Ap\u00f3s a aprova\u00e7\u00e3o do seu coment\u00e1rio, a foto do seu perfil fica vis\u00edvel ao p\u00fablico na p\u00e1gina do seu coment\u00e1rio.<\/p>\n<p><!-- \/wp:paragraph --><\/p>\n<p><!-- wp:heading --><\/p>\n<h2>M\u00eddias.<\/h2>\n<p><!-- \/wp:heading --><\/p>\n<p><!-- wp:paragraph --><\/p>\n<p>Se voc\u00ea enviar imagens para o site, evite enviar imagens com dados de localiza\u00e7\u00e3o incorporados (EXIF GPS) inclu\u00eddos. Os visitantes do site podem baixar e extrair quaisquer dados de localiza\u00e7\u00e3o das imagens no site.<\/p>\n<p><!-- \/wp:paragraph --><\/p>\n<p><!-- wp:heading --><\/p>\n<h2>Conte\u00fado incorporado de outros sites.<\/h2>\n<p><!-- \/wp:heading --><\/p>\n<p><!-- wp:paragraph --><\/p>\n<p>Artigos neste site podem incluir conte\u00fado incorporado (por exemplo, v\u00eddeos, imagens, artigos etc.). O conte\u00fado incorporado de outros sites se comporta exatamente da mesma maneira como se o visitante tivesse visitado o outro site. Esses sites podem coletar dados sobre voc\u00ea, usar cookies, incorporar rastreamento adicional de terceiros e monitorar sua intera\u00e7\u00e3o com esse conte\u00fado incorporado, incluindo o rastreamento de sua intera\u00e7\u00e3o com o conte\u00fado incorporado se voc\u00ea tiver uma conta e estiver conectado a esse site.<\/p>\n<p><!-- \/wp:paragraph --><\/p>\n<p><!-- wp:heading --><\/p>\n<h2>Com quem compartilhamos seus dados.<\/h2>\n<p><!-- \/wp:heading --><\/p>\n<p><!-- wp:paragraph --><\/p>\n<p>Os seus dados estar\u00e3o seguros. N\u00e3o compartilho seus dados com terceiros para qualquer fim comercial.<\/p>\n<p><!-- \/wp:paragraph --><\/p>\n<p><!-- wp:heading --><\/p>\n<h2>Por quanto tempo retemos seus dados.<\/h2>\n<p><!-- \/wp:heading --><\/p>\n<p><!-- wp:paragraph --><\/p>\n<p>Se voc\u00ea deixar um coment\u00e1rio, o coment\u00e1rio e seus metadados ser\u00e3o retidos indefinidamente. Isso \u00e9 para que possamos reconhecer e aprovar quaisquer coment\u00e1rios de acompanhamento automaticamente, em vez de mant\u00ea-los em uma fila de modera\u00e7\u00e3o. Para usu\u00e1rios que se registram em nosso site (se houver), tamb\u00e9m armazenamos as informa\u00e7\u00f5es pessoais que eles fornecem em seu perfil de usu\u00e1rio. Todos os usu\u00e1rios podem ver, editar ou excluir suas informa\u00e7\u00f5es pessoais a qualquer momento (exceto que n\u00e3o podem alterar seu nome de usu\u00e1rio). Os administradores do site tamb\u00e9m podem ver e editar essas informa\u00e7\u00f5es.<\/p>\n<p><!-- \/wp:paragraph --><\/p>\n<p><!-- wp:heading --><\/p>\n<h2>Quais direitos voc\u00ea tem sobre seus dados.<\/h2>\n<p><!-- \/wp:heading --><\/p>\n<p><!-- wp:paragraph --><\/p>\n<p>Se voc\u00ea possui uma conta neste site ou deixou coment\u00e1rios, pode solicitar o recebimento de um arquivo exportado dos dados pessoais que mantemos sobre voc\u00ea, incluindo quaisquer dados que voc\u00ea nos forneceu. Voc\u00ea tamb\u00e9m pode solicitar que exclus\u00e3o de quaisquer de seus dados pessoais ou que o mencione. Isso n\u00e3o inclui aqueles dados que somos obrigados a manter para fins administrativos, legais ou de seguran\u00e7a.<\/p>\n<p><!-- \/wp:paragraph --><\/p>\n<p><!-- wp:heading --><\/p>\n<h2>Para onde seus dados s\u00e3o enviados.<\/h2>\n<p><!-- \/wp:heading --><\/p>\n<p><!-- wp:paragraph --><\/p>\n<p>Os seus dados poder\u00e3o ser enviados \u00e0 servi\u00e7os de terceiros para fins de autentica\u00e7\u00e3o e valida\u00e7\u00e3o nas p\u00e1ginas de coment\u00e1rios, registro, pagamentos e localiza\u00e7\u00e3o para entrega de pedidos. Os coment\u00e1rios dos visitantes podem ser verificados por meio de um servi\u00e7o automatizado de detec\u00e7\u00e3o de spam. A recusa do registro e pagamentos neste site por autentica\u00e7\u00e3o realizada em servi\u00e7o de terceiros n\u00e3o \u00e9 de minha responsabilidade. Caber\u00e1 ao visitante ou usu\u00e1rio reivindicar junto a estes as altera\u00e7\u00f5es necess\u00e1rias para que o registro ou pagamento se efetive.<\/p>\n<p><!-- \/wp:paragraph --><\/p>\t\t\t\t\t\t<\/div>\n\t\t\t\t<\/div>\n\t\t\t\t\t<\/div>\n\t\t<\/div>\n\t\t\t\t\t\t\t<\/div>\n\t\t<\/section>\n\t\t\t\t<section class=\"elementor-section elementor-top-section elementor-element elementor-element-2708cb3 elementor-section-boxed elementor-section-height-default elementor-section-height-default\" data-id=\"2708cb3\" data-element_type=\"section\">\n\t\t\t\t\t\t<div class=\"elementor-container elementor-column-gap-default\">\n\t\t\t\t\t<div class=\"elementor-column elementor-col-100 elementor-top-column elementor-element elementor-element-b6cbbf0\" data-id=\"b6cbbf0\" data-element_type=\"column\">\n\t\t\t<div class=\"elementor-widget-wrap elementor-element-populated\">\n\t\t\t\t\t\t\t\t<div class=\"elementor-element elementor-element-ec4ddad elementor-widget elementor-widget-shortcode\" data-id=\"ec4ddad\" data-element_type=\"widget\" data-widget_type=\"shortcode.default\">\n\t\t\t\t<div class=\"elementor-widget-container\">\n\t\t\t\t\t<div class=\"elementor-shortcode\">\n        <p class=\"form-row\">\n            <label class=\"checkbox\">\n                <input type=\"checkbox\" class=\"input-checkbox\" name=\"wordpress_gdpr_privacy_policy_accepted\"  id=\"accept-privacy-policy-checkbox\" required><span>Li e aceito a Pol\u00edtica de Privacidade. <\/span><span class=\"required\">*<\/span>\n            <\/label><br>\n        <\/p><\/div>\n\t\t\t\t<\/div>\n\t\t\t\t<\/div>\n\t\t\t\t\t<\/div>\n\t\t<\/div>\n\t\t\t\t\t\t\t<\/div>\n\t\t<\/section>\n\t\t\t\t\t\t\t<\/div>\n\t\t","protected":false},"excerpt":{"rendered":"<p>Conte\u00fado e Prop\u00f3sito. Este site (simasmesquita.com.br) tem como prop\u00f3sito divulgar informa\u00e7\u00f5es pessoais e profissionais sobre seu detentor bem como fomentar&#8230;<\/p>\n","protected":false},"author":1,"featured_media":0,"parent":0,"menu_order":0,"comment_status":"closed","ping_status":"closed","template":"","meta":[],"acf":[],"aioseo_notices":[],"aioseo_head":"\n\t\t<!-- All in One SEO Pro 4.4.3 - aioseo.com -->\n\t\t<meta name=\"description\" content=\"Conte\u00fado e Prop\u00f3sito. Este site (simasmesquita.com.br) tem como prop\u00f3sito divulgar informa\u00e7\u00f5es pessoais e profissionais sobre seu detentor bem como fomentar o contato deste com pessoas e institui\u00e7\u00f5es, com interesse comercial ou n\u00e3o. Cookies. Ao acessar minhas p\u00e1ginas nesse site, para melhoria de sua compatibilidade com navegadores e para aferir quais mecanismos de busca s\u00e3o usados\" \/>\n\t\t<meta name=\"robots\" content=\"max-image-preview:large\" \/>\n\t\t<link rel=\"canonical\" href=\"https:\/\/simasmesquita.com.br\/index.php\/privacy-policy\/\" \/>\n\t\t<meta name=\"generator\" content=\"All in One SEO Pro (AIOSEO) 4.4.3\" \/>\n\t\t<meta property=\"og:locale\" content=\"pt_BR\" \/>\n\t\t<meta property=\"og:site_name\" content=\"simasmesquita.com.br - Advogado, Te\u00f3logo e Portado de Doen\u00e7a Rara. Junte-se \u00e0 mim nessa jornada \u00fanica de conhecimento, f\u00e9 e esperan\u00e7a.\" \/>\n\t\t<meta property=\"og:type\" content=\"article\" \/>\n\t\t<meta property=\"og:title\" content=\"Pol\u00edtica de Privacidade - simasmesquita.com.br\" \/>\n\t\t<meta property=\"og:description\" content=\"Conte\u00fado e Prop\u00f3sito. Este site (simasmesquita.com.br) tem como prop\u00f3sito divulgar informa\u00e7\u00f5es pessoais e profissionais sobre seu detentor bem como fomentar o contato deste com pessoas e institui\u00e7\u00f5es, com interesse comercial ou n\u00e3o. Cookies. Ao acessar minhas p\u00e1ginas nesse site, para melhoria de sua compatibilidade com navegadores e para aferir quais mecanismos de busca s\u00e3o usados\" \/>\n\t\t<meta property=\"og:url\" content=\"https:\/\/simasmesquita.com.br\/index.php\/privacy-policy\/\" \/>\n\t\t<meta property=\"article:published_time\" content=\"2022-11-02T23:47:59+00:00\" \/>\n\t\t<meta property=\"article:modified_time\" content=\"2022-11-17T16:36:51+00:00\" \/>\n\t\t<meta property=\"article:publisher\" content=\"https:\/\/www.facebook.com\/eusou.simasmesquita\/\" \/>\n\t\t<meta name=\"twitter:card\" content=\"summary_large_image\" \/>\n\t\t<meta name=\"twitter:site\" content=\"@_SimasMesquita\" \/>\n\t\t<meta name=\"twitter:title\" content=\"Pol\u00edtica de Privacidade - simasmesquita.com.br\" \/>\n\t\t<meta name=\"twitter:description\" content=\"Conte\u00fado e Prop\u00f3sito. Este site (simasmesquita.com.br) tem como prop\u00f3sito divulgar informa\u00e7\u00f5es pessoais e profissionais sobre seu detentor bem como fomentar o contato deste com pessoas e institui\u00e7\u00f5es, com interesse comercial ou n\u00e3o. Cookies. Ao acessar minhas p\u00e1ginas nesse site, para melhoria de sua compatibilidade com navegadores e para aferir quais mecanismos de busca s\u00e3o usados\" \/>\n\t\t<meta name=\"twitter:creator\" content=\"@_SimasMesquita\" \/>\n\t\t<script type=\"application\/ld+json\" class=\"aioseo-schema\">\n\t\t\t{\"@context\":\"https:\\\/\\\/schema.org\",\"@graph\":[{\"@type\":\"BreadcrumbList\",\"@id\":\"https:\\\/\\\/simasmesquita.com.br\\\/index.php\\\/privacy-policy\\\/#breadcrumblist\",\"itemListElement\":[{\"@type\":\"ListItem\",\"@id\":\"https:\\\/\\\/simasmesquita.com.br\\\/#listItem\",\"position\":1,\"item\":{\"@type\":\"WebPage\",\"@id\":\"https:\\\/\\\/simasmesquita.com.br\\\/\",\"name\":\"Home\",\"description\":\"Simas Mesquita - maio 15, 2026\",\"url\":\"https:\\\/\\\/simasmesquita.com.br\\\/\"},\"nextItem\":\"https:\\\/\\\/simasmesquita.com.br\\\/index.php\\\/privacy-policy\\\/#listItem\"},{\"@type\":\"ListItem\",\"@id\":\"https:\\\/\\\/simasmesquita.com.br\\\/index.php\\\/privacy-policy\\\/#listItem\",\"position\":2,\"item\":{\"@type\":\"WebPage\",\"@id\":\"https:\\\/\\\/simasmesquita.com.br\\\/index.php\\\/privacy-policy\\\/\",\"name\":\"Pol\\u00edtica de Privacidade\",\"description\":\"Conte\\u00fado e Prop\\u00f3sito. Este site (simasmesquita.com.br) tem como prop\\u00f3sito divulgar informa\\u00e7\\u00f5es pessoais e profissionais sobre seu detentor bem como fomentar o contato deste com pessoas e institui\\u00e7\\u00f5es, com interesse comercial ou n\\u00e3o. Cookies. Ao acessar minhas p\\u00e1ginas nesse site, para melhoria de sua compatibilidade com navegadores e para aferir quais mecanismos de busca s\\u00e3o usados\",\"url\":\"https:\\\/\\\/simasmesquita.com.br\\\/index.php\\\/privacy-policy\\\/\"},\"previousItem\":\"https:\\\/\\\/simasmesquita.com.br\\\/#listItem\"}]},{\"@type\":\"Organization\",\"@id\":\"https:\\\/\\\/simasmesquita.com.br\\\/#organization\",\"name\":\"Simas Mesquita\",\"url\":\"https:\\\/\\\/simasmesquita.com.br\\\/\",\"logo\":{\"@type\":\"ImageObject\",\"url\":\"https:\\\/\\\/simasmesquita.com.br\\\/wp-content\\\/uploads\\\/2022\\\/11\\\/icon-512x512-1.png\",\"@id\":\"https:\\\/\\\/simasmesquita.com.br\\\/#organizationLogo\",\"width\":512,\"height\":512},\"image\":{\"@id\":\"https:\\\/\\\/simasmesquita.com.br\\\/#organizationLogo\"},\"sameAs\":[\"https:\\\/\\\/www.facebook.com\\\/eusou.simasmesquita\\\/\",\"https:\\\/\\\/twitter.com\\\/_SimasMesquita\\\/\",\"https:\\\/\\\/www.instagram.com\\\/_SimasMesquita\\\/\",\"https:\\\/\\\/www.youtube.com\\\/simasmesquita\\\/\",\"https:\\\/\\\/www.linkedin.com\\\/in\\\/simas-mesquita\\\/\"],\"contactPoint\":{\"@type\":\"ContactPoint\",\"telephone\":\"+5521970087071\",\"contactType\":\"Pessoal\"}},{\"@type\":\"WebPage\",\"@id\":\"https:\\\/\\\/simasmesquita.com.br\\\/index.php\\\/privacy-policy\\\/#webpage\",\"url\":\"https:\\\/\\\/simasmesquita.com.br\\\/index.php\\\/privacy-policy\\\/\",\"name\":\"Pol\\u00edtica de Privacidade - simasmesquita.com.br\",\"description\":\"Conte\\u00fado e Prop\\u00f3sito. Este site (simasmesquita.com.br) tem como prop\\u00f3sito divulgar informa\\u00e7\\u00f5es pessoais e profissionais sobre seu detentor bem como fomentar o contato deste com pessoas e institui\\u00e7\\u00f5es, com interesse comercial ou n\\u00e3o. Cookies. Ao acessar minhas p\\u00e1ginas nesse site, para melhoria de sua compatibilidade com navegadores e para aferir quais mecanismos de busca s\\u00e3o usados\",\"inLanguage\":\"pt-BR\",\"isPartOf\":{\"@id\":\"https:\\\/\\\/simasmesquita.com.br\\\/#website\"},\"breadcrumb\":{\"@id\":\"https:\\\/\\\/simasmesquita.com.br\\\/index.php\\\/privacy-policy\\\/#breadcrumblist\"},\"datePublished\":\"2022-11-02T23:47:59-03:00\",\"dateModified\":\"2022-11-17T16:36:51-03:00\"},{\"@type\":\"WebSite\",\"@id\":\"https:\\\/\\\/simasmesquita.com.br\\\/#website\",\"url\":\"https:\\\/\\\/simasmesquita.com.br\\\/\",\"name\":\"simasmesquita.com.br\",\"description\":\"Advogado, Te\\u00f3logo e Portado de Doen\\u00e7a Rara. Junte-se \\u00e0 mim nessa jornada \\u00fanica de conhecimento, f\\u00e9 e esperan\\u00e7a.\",\"inLanguage\":\"pt-BR\",\"publisher\":{\"@id\":\"https:\\\/\\\/simasmesquita.com.br\\\/#organization\"}}]}\n\t\t<\/script>\n\t\t<!-- All in One SEO Pro -->\r\n\t\t<title>Pol\u00edtica de Privacidade - simasmesquita.com.br<\/title>\n\n","aioseo_head_json":{"title":"Pol\u00edtica de Privacidade - simasmesquita.com.br","description":"Conte\u00fado e Prop\u00f3sito. Este site (simasmesquita.com.br) tem como prop\u00f3sito divulgar informa\u00e7\u00f5es pessoais e profissionais sobre seu detentor bem como fomentar o contato deste com pessoas e institui\u00e7\u00f5es, com interesse comercial ou n\u00e3o. Cookies. Ao acessar minhas p\u00e1ginas nesse site, para melhoria de sua compatibilidade com navegadores e para aferir quais mecanismos de busca s\u00e3o usados","canonical_url":"https:\/\/simasmesquita.com.br\/index.php\/privacy-policy\/","robots":"max-image-preview:large","keywords":"","webmasterTools":{"miscellaneous":""},"og:locale":"pt_BR","og:site_name":"simasmesquita.com.br - Advogado, Te\u00f3logo e Portado de Doen\u00e7a Rara. Junte-se \u00e0 mim nessa jornada \u00fanica de conhecimento, f\u00e9 e esperan\u00e7a.","og:type":"article","og:title":"Pol\u00edtica de Privacidade - simasmesquita.com.br","og:description":"Conte\u00fado e Prop\u00f3sito. Este site (simasmesquita.com.br) tem como prop\u00f3sito divulgar informa\u00e7\u00f5es pessoais e profissionais sobre seu detentor bem como fomentar o contato deste com pessoas e institui\u00e7\u00f5es, com interesse comercial ou n\u00e3o. Cookies. Ao acessar minhas p\u00e1ginas nesse site, para melhoria de sua compatibilidade com navegadores e para aferir quais mecanismos de busca s\u00e3o usados","og:url":"https:\/\/simasmesquita.com.br\/index.php\/privacy-policy\/","article:published_time":"2022-11-02T23:47:59+00:00","article:modified_time":"2022-11-17T16:36:51+00:00","article:publisher":"https:\/\/www.facebook.com\/eusou.simasmesquita\/","twitter:card":"summary_large_image","twitter:site":"@_SimasMesquita","twitter:title":"Pol\u00edtica de Privacidade - simasmesquita.com.br","twitter:description":"Conte\u00fado e Prop\u00f3sito. Este site (simasmesquita.com.br) tem como prop\u00f3sito divulgar informa\u00e7\u00f5es pessoais e profissionais sobre seu detentor bem como fomentar o contato deste com pessoas e institui\u00e7\u00f5es, com interesse comercial ou n\u00e3o. Cookies. Ao acessar minhas p\u00e1ginas nesse site, para melhoria de sua compatibilidade com navegadores e para aferir quais mecanismos de busca s\u00e3o usados","twitter:creator":"@_SimasMesquita","schema":{"@context":"https:\/\/schema.org","@graph":[{"@type":"BreadcrumbList","@id":"https:\/\/simasmesquita.com.br\/index.php\/privacy-policy\/#breadcrumblist","itemListElement":[{"@type":"ListItem","@id":"https:\/\/simasmesquita.com.br\/#listItem","position":1,"item":{"@type":"WebPage","@id":"https:\/\/simasmesquita.com.br\/","name":"Home","description":"Simas Mesquita - maio 15, 2026","url":"https:\/\/simasmesquita.com.br\/"},"nextItem":"https:\/\/simasmesquita.com.br\/index.php\/privacy-policy\/#listItem"},{"@type":"ListItem","@id":"https:\/\/simasmesquita.com.br\/index.php\/privacy-policy\/#listItem","position":2,"item":{"@type":"WebPage","@id":"https:\/\/simasmesquita.com.br\/index.php\/privacy-policy\/","name":"Pol\u00edtica de Privacidade","description":"Conte\u00fado e Prop\u00f3sito. Este site (simasmesquita.com.br) tem como prop\u00f3sito divulgar informa\u00e7\u00f5es pessoais e profissionais sobre seu detentor bem como fomentar o contato deste com pessoas e institui\u00e7\u00f5es, com interesse comercial ou n\u00e3o. Cookies. Ao acessar minhas p\u00e1ginas nesse site, para melhoria de sua compatibilidade com navegadores e para aferir quais mecanismos de busca s\u00e3o usados","url":"https:\/\/simasmesquita.com.br\/index.php\/privacy-policy\/"},"previousItem":"https:\/\/simasmesquita.com.br\/#listItem"}]},{"@type":"Organization","@id":"https:\/\/simasmesquita.com.br\/#organization","name":"Simas Mesquita","url":"https:\/\/simasmesquita.com.br\/","logo":{"@type":"ImageObject","url":"https:\/\/simasmesquita.com.br\/wp-content\/uploads\/2022\/11\/icon-512x512-1.png","@id":"https:\/\/simasmesquita.com.br\/#organizationLogo","width":512,"height":512},"image":{"@id":"https:\/\/simasmesquita.com.br\/#organizationLogo"},"sameAs":["https:\/\/www.facebook.com\/eusou.simasmesquita\/","https:\/\/twitter.com\/_SimasMesquita\/","https:\/\/www.instagram.com\/_SimasMesquita\/","https:\/\/www.youtube.com\/simasmesquita\/","https:\/\/www.linkedin.com\/in\/simas-mesquita\/"],"contactPoint":{"@type":"ContactPoint","telephone":"+5521970087071","contactType":"Pessoal"}},{"@type":"WebPage","@id":"https:\/\/simasmesquita.com.br\/index.php\/privacy-policy\/#webpage","url":"https:\/\/simasmesquita.com.br\/index.php\/privacy-policy\/","name":"Pol\u00edtica de Privacidade - simasmesquita.com.br","description":"Conte\u00fado e Prop\u00f3sito. Este site (simasmesquita.com.br) tem como prop\u00f3sito divulgar informa\u00e7\u00f5es pessoais e profissionais sobre seu detentor bem como fomentar o contato deste com pessoas e institui\u00e7\u00f5es, com interesse comercial ou n\u00e3o. Cookies. Ao acessar minhas p\u00e1ginas nesse site, para melhoria de sua compatibilidade com navegadores e para aferir quais mecanismos de busca s\u00e3o usados","inLanguage":"pt-BR","isPartOf":{"@id":"https:\/\/simasmesquita.com.br\/#website"},"breadcrumb":{"@id":"https:\/\/simasmesquita.com.br\/index.php\/privacy-policy\/#breadcrumblist"},"datePublished":"2022-11-02T23:47:59-03:00","dateModified":"2022-11-17T16:36:51-03:00"},{"@type":"WebSite","@id":"https:\/\/simasmesquita.com.br\/#website","url":"https:\/\/simasmesquita.com.br\/","name":"simasmesquita.com.br","description":"Advogado, Te\u00f3logo e Portado de Doen\u00e7a Rara. Junte-se \u00e0 mim nessa jornada \u00fanica de conhecimento, f\u00e9 e esperan\u00e7a.","inLanguage":"pt-BR","publisher":{"@id":"https:\/\/simasmesquita.com.br\/#organization"}}]}},"aioseo_meta_data":{"post_id":"3","title":null,"description":"","keywords":"[]","keyphrases":"{\"focus\":{\"keyphrase\":\"\",\"score\":0,\"analysis\":{\"keyphraseInTitle\":{\"score\":0,\"maxScore\":9,\"error\":1}}},\"additional\":[]}","primary_term":null,"canonical_url":null,"og_title":null,"og_description":null,"og_object_type":"default","og_image_type":"default","og_image_url":null,"og_image_width":null,"og_image_height":null,"og_image_custom_url":null,"og_image_custom_fields":null,"og_video":"","og_custom_url":null,"og_article_section":null,"og_article_tags":"[]","twitter_use_og":false,"twitter_card":"default","twitter_image_type":"default","twitter_image_url":null,"twitter_image_custom_url":null,"twitter_image_custom_fields":null,"twitter_title":null,"twitter_description":null,"schema":{"blockGraphs":[],"customGraphs":[],"default":{"data":{"Article":[],"Course":[],"Dataset":[],"FAQPage":[],"Movie":[],"Person":[],"Product":[],"Recipe":[],"Service":[],"SoftwareApplication":[],"WebPage":[]},"graphName":"WebPage","isEnabled":true},"graphs":[]},"schema_type":"default","schema_type_options":null,"pillar_content":false,"robots_default":true,"robots_noindex":false,"robots_noarchive":false,"robots_nosnippet":false,"robots_nofollow":false,"robots_noimageindex":false,"robots_noodp":false,"robots_notranslate":false,"robots_max_snippet":"-1","robots_max_videopreview":"-1","robots_max_imagepreview":"large","priority":null,"frequency":"default","local_seo":null,"limit_modified_date":false,"created":"2022-11-12 20:28:11","updated":"2022-11-17 16:45:15"},"_links":{"self":[{"href":"https:\/\/simasmesquita.com.br\/index.php\/wp-json\/wp\/v2\/pages\/3"}],"collection":[{"href":"https:\/\/simasmesquita.com.br\/index.php\/wp-json\/wp\/v2\/pages"}],"about":[{"href":"https:\/\/simasmesquita.com.br\/index.php\/wp-json\/wp\/v2\/types\/page"}],"author":[{"embeddable":true,"href":"https:\/\/simasmesquita.com.br\/index.php\/wp-json\/wp\/v2\/users\/1"}],"replies":[{"embeddable":true,"href":"https:\/\/simasmesquita.com.br\/index.php\/wp-json\/wp\/v2\/comments?post=3"}],"version-history":[{"count":7,"href":"https:\/\/simasmesquita.com.br\/index.php\/wp-json\/wp\/v2\/pages\/3\/revisions"}],"predecessor-version":[{"id":784,"href":"https:\/\/simasmesquita.com.br\/index.php\/wp-json\/wp\/v2\/pages\/3\/revisions\/784"}],"wp:attachment":[{"href":"https:\/\/simasmesquita.com.br\/index.php\/wp-json\/wp\/v2\/media?parent=3"}],"curies":[{"name":"wp","href":"https:\/\/api.w.org\/{rel}","templated":true}]}}